{"id":88,"date":"2024-10-28T23:32:10","date_gmt":"2024-10-28T22:32:10","guid":{"rendered":"https:\/\/brocabois.fr\/?page_id=88"},"modified":"2026-04-02T23:09:35","modified_gmt":"2026-04-02T21:09:35","slug":"nouveautes","status":"publish","type":"page","link":"https:\/\/brocabois.fr\/index.php\/nouveautes\/","title":{"rendered":"Nouveaut\u00e9s"},"content":{"rendered":"\n<figure class=\"wp-block-image size-large is-style-rounded is-style-rounded--1\"><img loading=\"lazy\" decoding=\"async\" width=\"683\" height=\"1024\" src=\"https:\/\/brocabois.fr\/wp-content\/uploads\/2026\/04\/M1-683x1024.jpg\" alt=\"\" class=\"wp-image-668\" style=\"aspect-ratio:0.6670028576231299\" srcset=\"https:\/\/brocabois.fr\/wp-content\/uploads\/2026\/04\/M1-683x1024.jpg 683w, https:\/\/brocabois.fr\/wp-content\/uploads\/2026\/04\/M1-200x300.jpg 200w, https:\/\/brocabois.fr\/wp-content\/uploads\/2026\/04\/M1.jpg 720w\" sizes=\"auto, (max-width: 683px) 100vw, 683px\" \/><\/figure>\n\n\n\n<p class=\"has-text-align-center has-small-font-size\">Grand miroir art d\u00e9co biseaut\u00e9 sur les bords<br>Hauteur 166cm<br>Largeur 68cm<br><strong><em>90\u20ac<\/em><\/strong><\/p>\n\n\n\n<figure class=\"wp-block-image size-large is-style-rounded is-style-rounded--2\"><img loading=\"lazy\" decoding=\"async\" width=\"1024\" height=\"771\" src=\"https:\/\/brocabois.fr\/wp-content\/uploads\/2026\/04\/1-1-1-1024x771.jpg\" alt=\"\" class=\"wp-image-665\" srcset=\"https:\/\/brocabois.fr\/wp-content\/uploads\/2026\/04\/1-1-1-1024x771.jpg 1024w, https:\/\/brocabois.fr\/wp-content\/uploads\/2026\/04\/1-1-1-300x226.jpg 300w, https:\/\/brocabois.fr\/wp-content\/uploads\/2026\/04\/1-1-1-768x578.jpg 768w, https:\/\/brocabois.fr\/wp-content\/uploads\/2026\/04\/1-1-1.jpg 1434w\" sizes=\"auto, (max-width: 1024px) 100vw, 1024px\" \/><\/figure>\n\n\n\n<p class=\"has-text-align-center has-small-font-size\">Demi tonneaux pour cr\u00e9ation bassin, pot de fleurs&#8230;<br><strong><em>45\u20ac<\/em><\/strong><\/p>\n\n\n\n<figure class=\"wp-block-image size-large is-resized is-style-rounded is-style-rounded--3\"><img loading=\"lazy\" decoding=\"async\" width=\"1024\" height=\"771\" src=\"https:\/\/brocabois.fr\/wp-content\/uploads\/2025\/04\/IMG_20250404_174012-1024x771.jpg\" alt=\"\" class=\"wp-image-432\" style=\"aspect-ratio:1.3281563797027716;width:594px;height:auto\" srcset=\"https:\/\/brocabois.fr\/wp-content\/uploads\/2025\/04\/IMG_20250404_174012-1024x771.jpg 1024w, https:\/\/brocabois.fr\/wp-content\/uploads\/2025\/04\/IMG_20250404_174012-300x226.jpg 300w, https:\/\/brocabois.fr\/wp-content\/uploads\/2025\/04\/IMG_20250404_174012-768x578.jpg 768w, https:\/\/brocabois.fr\/wp-content\/uploads\/2025\/04\/IMG_20250404_174012.jpg 1434w\" sizes=\"auto, (max-width: 1024px) 100vw, 1024px\" \/><\/figure>\n\n\n\n<p class=\"has-text-align-center has-small-font-size\">D\u00e9co terrasse et balcon : bassines en zinc , porte bouteilles, dame Jeanne&#8230;<br><strong><em>\u00e0 partir de 15\u20ac<\/em><\/strong><\/p>\n\n\n\n<p class=\"has-text-align-center has-small-font-size\"><\/p>\n\n\n\n<p>Vous pouvez \u00e9galement suivre les nouveaut\u00e9s et les r\u00e9novations en cours sur <a href=\"https:\/\/www.instagram.com\/brocabois\/\" target=\"_blank\" rel=\"noopener\" title=\"Instagram\">Instagram<\/a> et <a href=\"https:\/\/www.facebook.com\/profile.php?id=61568668580363\" target=\"_blank\" rel=\"noopener\" title=\"Facebook\">Facebook<\/a>.<\/p>\n\n\n\n<p><\/p>\n","protected":false},"excerpt":{"rendered":"<p>Grand miroir art d\u00e9co biseaut\u00e9 sur les bordsHauteur 166cmLargeur 68cm90\u20ac Demi tonneaux pour cr\u00e9ation bassin, pot de fleurs&#8230;45\u20ac D\u00e9co terrasse et balcon : bassines en zinc , porte bouteilles, dame Jeanne&#8230;\u00e0 partir de 15\u20ac Vous pouvez \u00e9galement suivre les nouveaut\u00e9s et les r\u00e9novations en cours sur Instagram et Facebook.<\/p>\n","protected":false},"author":1,"featured_media":0,"parent":0,"menu_order":0,"comment_status":"closed","ping_status":"closed","template":"","meta":{"om_disable_all_campaigns":false,"_monsterinsights_skip_tracking":false,"_monsterinsights_sitenote_active":false,"_monsterinsights_sitenote_note":"","_monsterinsights_sitenote_category":0,"_uf_show_specific_survey":0,"_uf_disable_surveys":false,"footnotes":""},"class_list":["post-88","page","type-page","status-publish","hentry"],"aioseo_notices":[],"_links":{"self":[{"href":"https:\/\/brocabois.fr\/index.php\/wp-json\/wp\/v2\/pages\/88","targetHints":{"allow":["GET"]}}],"collection":[{"href":"https:\/\/brocabois.fr\/index.php\/wp-json\/wp\/v2\/pages"}],"about":[{"href":"https:\/\/brocabois.fr\/index.php\/wp-json\/wp\/v2\/types\/page"}],"author":[{"embeddable":true,"href":"https:\/\/brocabois.fr\/index.php\/wp-json\/wp\/v2\/users\/1"}],"replies":[{"embeddable":true,"href":"https:\/\/brocabois.fr\/index.php\/wp-json\/wp\/v2\/comments?post=88"}],"version-history":[{"count":108,"href":"https:\/\/brocabois.fr\/index.php\/wp-json\/wp\/v2\/pages\/88\/revisions"}],"predecessor-version":[{"id":671,"href":"https:\/\/brocabois.fr\/index.php\/wp-json\/wp\/v2\/pages\/88\/revisions\/671"}],"wp:attachment":[{"href":"https:\/\/brocabois.fr\/index.php\/wp-json\/wp\/v2\/media?parent=88"}],"curies":[{"name":"wp","href":"https:\/\/api.w.org\/{rel}","templated":true}]}}