{"id":28,"date":"2024-10-24T23:51:01","date_gmt":"2024-10-24T21:51:01","guid":{"rendered":"https:\/\/brocabois.fr\/?page_id=28"},"modified":"2025-02-25T23:01:23","modified_gmt":"2025-02-25T22:01:23","slug":"decoration","status":"publish","type":"page","link":"https:\/\/brocabois.fr\/index.php\/decoration\/","title":{"rendered":"D\u00e9coration"},"content":{"rendered":"\n<p>Brocabois c&rsquo;est \u00e9galement une s\u00e9lection d&rsquo;accessoires de d\u00e9coration avec des Dame Jeanne, bouteilles en gr\u00e9s, bidon anciens&#8230;<br><\/p>\n\n\n\n<figure class=\"wp-block-image size-full\"><img loading=\"lazy\" decoding=\"async\" width=\"854\" height=\"309\" src=\"https:\/\/brocabois.fr\/wp-content\/uploads\/2024\/11\/deco.jpg\" alt=\"\" class=\"wp-image-257\" srcset=\"https:\/\/brocabois.fr\/wp-content\/uploads\/2024\/11\/deco.jpg 854w, https:\/\/brocabois.fr\/wp-content\/uploads\/2024\/11\/deco-300x109.jpg 300w, https:\/\/brocabois.fr\/wp-content\/uploads\/2024\/11\/deco-768x278.jpg 768w\" sizes=\"auto, (max-width: 854px) 100vw, 854px\" \/><\/figure>\n\n\n\n<figure class=\"wp-block-image size-large is-style-rounded is-style-rounded--1\"><img loading=\"lazy\" decoding=\"async\" width=\"1024\" height=\"771\" src=\"https:\/\/brocabois.fr\/wp-content\/uploads\/2024\/11\/1-3-1024x771.jpg\" alt=\"\" class=\"wp-image-268\" srcset=\"https:\/\/brocabois.fr\/wp-content\/uploads\/2024\/11\/1-3-1024x771.jpg 1024w, https:\/\/brocabois.fr\/wp-content\/uploads\/2024\/11\/1-3-300x226.jpg 300w, https:\/\/brocabois.fr\/wp-content\/uploads\/2024\/11\/1-3-768x578.jpg 768w, https:\/\/brocabois.fr\/wp-content\/uploads\/2024\/11\/1-3.jpg 1434w\" sizes=\"auto, (max-width: 1024px) 100vw, 1024px\" \/><\/figure>\n\n\n\n<p class=\"has-text-align-center has-small-font-size\">Raquettes de tennis des ann\u00e9es 60\/70.<br>A accrocher directement au mur ou \u00e0 customiser (fleurs s\u00e9ch\u00e9es, ardoise, brod\u00e9e\u2026)<br>Manche en bois, \u00e9galement 2 croix de tension de marque Z\u00e9phir de disponibles.<br>Marques : La hutte, Hilton, Dunlop, Snauwaert, Slazenger, Mirage.<br>De<strong> 15 \u00e0 35\u20ac <\/strong>suivant l&rsquo;\u00e9tat<br>Croix de tension 8\u20ac.<br>Photos suppl\u00e9mentaires sur demande &#8211; Contact <a href=\"https:\/\/brocabois.fr\/index.php\/contact\/\">Brocabois<\/a>.<\/p>\n\n\n\n<figure class=\"wp-block-image size-large is-style-rounded is-style-rounded--2\"><img loading=\"lazy\" decoding=\"async\" width=\"1024\" height=\"647\" src=\"https:\/\/brocabois.fr\/wp-content\/uploads\/2025\/02\/0-1024x647.jpg\" alt=\"\" class=\"wp-image-342\" srcset=\"https:\/\/brocabois.fr\/wp-content\/uploads\/2025\/02\/0-1024x647.jpg 1024w, https:\/\/brocabois.fr\/wp-content\/uploads\/2025\/02\/0-300x190.jpg 300w, https:\/\/brocabois.fr\/wp-content\/uploads\/2025\/02\/0-768x485.jpg 768w, https:\/\/brocabois.fr\/wp-content\/uploads\/2025\/02\/0.jpg 1511w\" sizes=\"auto, (max-width: 1024px) 100vw, 1024px\" \/><\/figure>\n\n\n\n<p class=\"has-text-align-center has-small-font-size\">Authentiques dames Jeannes taille XL.<br>Certaines ont un effet bossel\u00e9 sur la partie inf\u00e9rieure.<br><strong><em>Vendu<\/em><\/strong><\/p>\n\n\n\n<p class=\"has-text-align-center has-small-font-size\">Panier \u00e0 <strong>10\u20ac<\/strong><\/p>\n\n\n\n<p><\/p>\n\n\n\n<p><\/p>\n\n\n\n<p><\/p>\n","protected":false},"excerpt":{"rendered":"<p>Brocabois c&rsquo;est \u00e9galement une s\u00e9lection d&rsquo;accessoires de d\u00e9coration avec des Dame Jeanne, bouteilles en gr\u00e9s, bidon anciens&#8230; Raquettes de tennis des ann\u00e9es 60\/70.A accrocher directement au mur ou \u00e0 customiser (fleurs s\u00e9ch\u00e9es, ardoise, brod\u00e9e\u2026)Manche en bois, \u00e9galement 2 croix de tension de marque Z\u00e9phir de disponibles.Marques : La hutte, Hilton, Dunlop, Snauwaert, Slazenger, Mirage.De 15 [&hellip;]<\/p>\n","protected":false},"author":1,"featured_media":0,"parent":0,"menu_order":0,"comment_status":"closed","ping_status":"closed","template":"","meta":{"om_disable_all_campaigns":false,"_monsterinsights_skip_tracking":false,"_monsterinsights_sitenote_active":false,"_monsterinsights_sitenote_note":"","_monsterinsights_sitenote_category":0,"_uf_show_specific_survey":0,"_uf_disable_surveys":false,"footnotes":""},"class_list":["post-28","page","type-page","status-publish","hentry"],"aioseo_notices":[],"_links":{"self":[{"href":"https:\/\/brocabois.fr\/index.php\/wp-json\/wp\/v2\/pages\/28","targetHints":{"allow":["GET"]}}],"collection":[{"href":"https:\/\/brocabois.fr\/index.php\/wp-json\/wp\/v2\/pages"}],"about":[{"href":"https:\/\/brocabois.fr\/index.php\/wp-json\/wp\/v2\/types\/page"}],"author":[{"embeddable":true,"href":"https:\/\/brocabois.fr\/index.php\/wp-json\/wp\/v2\/users\/1"}],"replies":[{"embeddable":true,"href":"https:\/\/brocabois.fr\/index.php\/wp-json\/wp\/v2\/comments?post=28"}],"version-history":[{"count":9,"href":"https:\/\/brocabois.fr\/index.php\/wp-json\/wp\/v2\/pages\/28\/revisions"}],"predecessor-version":[{"id":386,"href":"https:\/\/brocabois.fr\/index.php\/wp-json\/wp\/v2\/pages\/28\/revisions\/386"}],"wp:attachment":[{"href":"https:\/\/brocabois.fr\/index.php\/wp-json\/wp\/v2\/media?parent=28"}],"curies":[{"name":"wp","href":"https:\/\/api.w.org\/{rel}","templated":true}]}}