{"id":25,"date":"2024-10-24T23:51:28","date_gmt":"2024-10-24T21:51:28","guid":{"rendered":"https:\/\/brocabois.fr\/?page_id=25"},"modified":"2026-04-02T22:50:44","modified_gmt":"2026-04-02T20:50:44","slug":"etablis","status":"publish","type":"page","link":"https:\/\/brocabois.fr\/index.php\/etablis\/","title":{"rendered":"Etablis"},"content":{"rendered":"\n<p>Brocabois vous propose des \u00e9tablis de menuisier. Faites entrer dans vos int\u00e9rieurs une pi\u00e8ce unique pour une d\u00e9coration vintage ou industrielles. Tr\u00e8s tendance, il permettra de meubler de fa\u00e7on originale votre salon ou salle de bain, pour les plus petits mod\u00e8les une console dans votre entr\u00e9e.<\/p>\n\n\n\n<figure class=\"wp-block-image size-full\"><img loading=\"lazy\" decoding=\"async\" width=\"972\" height=\"572\" src=\"https:\/\/brocabois.fr\/wp-content\/uploads\/2024\/10\/etablis.jpg\" alt=\"\" class=\"wp-image-121\" srcset=\"https:\/\/brocabois.fr\/wp-content\/uploads\/2024\/10\/etablis.jpg 972w, https:\/\/brocabois.fr\/wp-content\/uploads\/2024\/10\/etablis-300x177.jpg 300w, https:\/\/brocabois.fr\/wp-content\/uploads\/2024\/10\/etablis-768x452.jpg 768w\" sizes=\"auto, (max-width: 972px) 100vw, 972px\" \/><\/figure>\n\n\n\n<p class=\"has-text-align-center\"><strong><em>Envoi possible sur toute la France, voir menu <a data-type=\"page\" data-id=\"159\" href=\"https:\/\/brocabois.fr\/index.php\/livraison-transport\/\">Livraison<\/a>.<\/em><\/strong><\/p>\n\n\n\n<p class=\"has-text-align-center\"><\/p>\n\n\n\n<figure class=\"wp-block-image size-large is-style-rounded is-style-rounded--1\"><img loading=\"lazy\" decoding=\"async\" width=\"1024\" height=\"771\" src=\"https:\/\/brocabois.fr\/wp-content\/uploads\/2025\/10\/1-1-1024x771.jpg\" alt=\"\" class=\"wp-image-599\" srcset=\"https:\/\/brocabois.fr\/wp-content\/uploads\/2025\/10\/1-1-1024x771.jpg 1024w, https:\/\/brocabois.fr\/wp-content\/uploads\/2025\/10\/1-1-300x226.jpg 300w, https:\/\/brocabois.fr\/wp-content\/uploads\/2025\/10\/1-1-768x578.jpg 768w, https:\/\/brocabois.fr\/wp-content\/uploads\/2025\/10\/1-1.jpg 1434w\" sizes=\"auto, (max-width: 1024px) 100vw, 1024px\" \/><\/figure>\n\n\n\n<p class=\"has-text-align-center has-small-font-size\">\u00c9tabli transform\u00e9 en table basse<br>Longueur 1m13<br>Largeur 49cm<br>Hauteur 47cm<br><em>150\u20ac<\/em><\/p>\n\n\n\n<figure class=\"wp-block-image size-large is-style-rounded is-style-rounded--2\"><img loading=\"lazy\" decoding=\"async\" width=\"1024\" height=\"683\" src=\"https:\/\/brocabois.fr\/wp-content\/uploads\/2025\/11\/1-2-1024x683.jpg\" alt=\"\" class=\"wp-image-625\" srcset=\"https:\/\/brocabois.fr\/wp-content\/uploads\/2025\/11\/1-2-1024x683.jpg 1024w, https:\/\/brocabois.fr\/wp-content\/uploads\/2025\/11\/1-2-300x200.jpg 300w, https:\/\/brocabois.fr\/wp-content\/uploads\/2025\/11\/1-2-768x512.jpg 768w, https:\/\/brocabois.fr\/wp-content\/uploads\/2025\/11\/1-2-1536x1024.jpg 1536w, https:\/\/brocabois.fr\/wp-content\/uploads\/2025\/11\/1-2.jpg 1620w\" sizes=\"auto, (max-width: 1024px) 100vw, 1024px\" \/><\/figure>\n\n\n\n<p class=\"has-text-align-center has-small-font-size\">\u00c9tabli de menuisier en ch\u00eane &#8211; meuble t\u00e9l\u00e9<br>Longueur 233cm<br>Largeur 32cm<br>Hauteur 42cm<br><em>Vendu<\/em><\/p>\n\n\n\n<figure class=\"wp-block-image size-full is-style-rounded is-style-rounded--3\"><img loading=\"lazy\" decoding=\"async\" width=\"1020\" height=\"768\" src=\"https:\/\/brocabois.fr\/wp-content\/uploads\/2025\/10\/1.jpg\" alt=\"\" class=\"wp-image-597\" srcset=\"https:\/\/brocabois.fr\/wp-content\/uploads\/2025\/10\/1.jpg 1020w, https:\/\/brocabois.fr\/wp-content\/uploads\/2025\/10\/1-300x226.jpg 300w, https:\/\/brocabois.fr\/wp-content\/uploads\/2025\/10\/1-768x578.jpg 768w\" sizes=\"auto, (max-width: 1020px) 100vw, 1020px\" \/><\/figure>\n\n\n\n<p class=\"has-text-align-center has-small-font-size\">Ancien \u00e9tabli &#8211; console<br>Longueur 1m<br>Largeur 50cm<br>Hauteur 72cm<br><em><em>Vendu<\/em><\/em><\/p>\n\n\n\n<figure class=\"wp-block-image aligncenter size-full is-resized is-style-rounded is-style-rounded--4\"><img loading=\"lazy\" decoding=\"async\" width=\"758\" height=\"837\" src=\"https:\/\/brocabois.fr\/wp-content\/uploads\/2025\/10\/1-Copie.jpg\" alt=\"\" class=\"wp-image-603\" style=\"aspect-ratio:0.9056259271938834;width:502px;height:auto\" srcset=\"https:\/\/brocabois.fr\/wp-content\/uploads\/2025\/10\/1-Copie.jpg 758w, https:\/\/brocabois.fr\/wp-content\/uploads\/2025\/10\/1-Copie-272x300.jpg 272w\" sizes=\"auto, (max-width: 758px) 100vw, 758px\" \/><\/figure>\n\n\n\n<p class=\"has-text-align-center has-small-font-size\">Petit \u00e9tabli &#8211; table de chevet\/console<br>Longueur 55cm<br>Largeur 25cm<br>Hauteur 50cm<br><em>Vendu<\/em><\/p>\n\n\n\n<figure class=\"wp-block-image is-style-rounded is-style-rounded--5\"><img loading=\"lazy\" decoding=\"async\" width=\"1024\" height=\"771\" src=\"https:\/\/brocabois.fr\/wp-content\/uploads\/2025\/11\/1-1-1024x771.jpg\" alt=\"\" class=\"wp-image-614\" srcset=\"https:\/\/brocabois.fr\/wp-content\/uploads\/2025\/11\/1-1-1024x771.jpg 1024w, https:\/\/brocabois.fr\/wp-content\/uploads\/2025\/11\/1-1-300x226.jpg 300w, https:\/\/brocabois.fr\/wp-content\/uploads\/2025\/11\/1-1-768x578.jpg 768w, https:\/\/brocabois.fr\/wp-content\/uploads\/2025\/11\/1-1.jpg 1434w\" sizes=\"auto, (max-width: 1024px) 100vw, 1024px\" \/><\/figure>\n\n\n\n<p class=\"has-text-align-center has-small-font-size\">Etabli de menuisier avec pieds obliques<br>Longueur 1m71<br>Largeur 30cm<br>Hauteur 67cm<br><em>Vendu<\/em><\/p>\n\n\n\n<figure class=\"wp-block-image size-full is-style-rounded is-style-rounded--6\"><img loading=\"lazy\" decoding=\"async\" width=\"1020\" height=\"768\" src=\"https:\/\/brocabois.fr\/wp-content\/uploads\/2025\/09\/1-2.jpg\" alt=\"\" class=\"wp-image-593\" srcset=\"https:\/\/brocabois.fr\/wp-content\/uploads\/2025\/09\/1-2.jpg 1020w, https:\/\/brocabois.fr\/wp-content\/uploads\/2025\/09\/1-2-300x226.jpg 300w, https:\/\/brocabois.fr\/wp-content\/uploads\/2025\/09\/1-2-768x578.jpg 768w\" sizes=\"auto, (max-width: 1020px) 100vw, 1020px\" \/><\/figure>\n\n\n\n<p class=\"has-text-align-center has-small-font-size\">\u00c9tabli de menuisier en ch\u00eane &#8211; meuble t\u00e9l\u00e9<br>Longueur 215cm<br>Largeur 45cm<br>Hauteur 40cm<br><em><em>Vendu<\/em><\/em><\/p>\n\n\n\n<figure class=\"wp-block-image size-full is-style-rounded is-style-rounded--7\"><img loading=\"lazy\" decoding=\"async\" width=\"1020\" height=\"768\" src=\"https:\/\/brocabois.fr\/wp-content\/uploads\/2025\/09\/1-3.jpg\" alt=\"\" class=\"wp-image-594\" srcset=\"https:\/\/brocabois.fr\/wp-content\/uploads\/2025\/09\/1-3.jpg 1020w, https:\/\/brocabois.fr\/wp-content\/uploads\/2025\/09\/1-3-300x226.jpg 300w, https:\/\/brocabois.fr\/wp-content\/uploads\/2025\/09\/1-3-768x578.jpg 768w\" sizes=\"auto, (max-width: 1020px) 100vw, 1020px\" \/><\/figure>\n\n\n\n<p class=\"has-text-align-center has-small-font-size\">Petit \u00e9tabli &#8211; console<br>Longueur 124cm<br>Largeur 27cm<br>Hauteur 78cm<br><em><strong>Vendu<\/strong><\/em><\/p>\n\n\n\n<figure class=\"wp-block-image size-large is-style-rounded is-style-rounded--8\"><img loading=\"lazy\" decoding=\"async\" width=\"1024\" height=\"683\" src=\"https:\/\/brocabois.fr\/wp-content\/uploads\/2025\/06\/etabli2-1024x683.jpg\" alt=\"\" class=\"wp-image-564\" srcset=\"https:\/\/brocabois.fr\/wp-content\/uploads\/2025\/06\/etabli2-1024x683.jpg 1024w, https:\/\/brocabois.fr\/wp-content\/uploads\/2025\/06\/etabli2-300x200.jpg 300w, https:\/\/brocabois.fr\/wp-content\/uploads\/2025\/06\/etabli2-768x512.jpg 768w, https:\/\/brocabois.fr\/wp-content\/uploads\/2025\/06\/etabli2-1536x1024.jpg 1536w, https:\/\/brocabois.fr\/wp-content\/uploads\/2025\/06\/etabli2.jpg 1620w\" sizes=\"auto, (max-width: 1024px) 100vw, 1024px\" \/><\/figure>\n\n\n\n<p class=\"has-text-align-center has-small-font-size\">\u00c9tabli de menuisier sauv\u00e9 des flammes et maintenant r\u00e9nov\u00e9.<br>Longueur 176 cm<br>Largeur 36 cm<br>Hauteur 73 cm<br><strong><em>Vendu<\/em><\/strong><\/p>\n\n\n\n<figure class=\"wp-block-image size-large is-style-rounded is-style-rounded--9\"><img loading=\"lazy\" decoding=\"async\" width=\"1024\" height=\"683\" src=\"https:\/\/brocabois.fr\/wp-content\/uploads\/2025\/06\/etabli-1024x683.jpg\" alt=\"\" class=\"wp-image-557\" srcset=\"https:\/\/brocabois.fr\/wp-content\/uploads\/2025\/06\/etabli-1024x683.jpg 1024w, https:\/\/brocabois.fr\/wp-content\/uploads\/2025\/06\/etabli-300x200.jpg 300w, https:\/\/brocabois.fr\/wp-content\/uploads\/2025\/06\/etabli-768x512.jpg 768w, https:\/\/brocabois.fr\/wp-content\/uploads\/2025\/06\/etabli-1536x1024.jpg 1536w, https:\/\/brocabois.fr\/wp-content\/uploads\/2025\/06\/etabli.jpg 1620w\" sizes=\"auto, (max-width: 1024px) 100vw, 1024px\" \/><\/figure>\n\n\n\n<p class=\"has-text-align-center has-small-font-size\">Petit \u00e9tabli id\u00e9al console, meuble d&rsquo;entr\u00e9e.<br><strong><em>Vendu<\/em><\/strong><\/p>\n\n\n\n<figure class=\"wp-block-image size-large is-style-rounded is-style-rounded--10\"><img loading=\"lazy\" decoding=\"async\" width=\"1024\" height=\"680\" src=\"https:\/\/brocabois.fr\/wp-content\/uploads\/2025\/06\/1-1024x680.jpg\" alt=\"\" class=\"wp-image-542\" srcset=\"https:\/\/brocabois.fr\/wp-content\/uploads\/2025\/06\/1-1024x680.jpg 1024w, https:\/\/brocabois.fr\/wp-content\/uploads\/2025\/06\/1-300x199.jpg 300w, https:\/\/brocabois.fr\/wp-content\/uploads\/2025\/06\/1-768x510.jpg 768w, https:\/\/brocabois.fr\/wp-content\/uploads\/2025\/06\/1-1536x1020.jpg 1536w, https:\/\/brocabois.fr\/wp-content\/uploads\/2025\/06\/1.jpg 1626w\" sizes=\"auto, (max-width: 1024px) 100vw, 1024px\" \/><\/figure>\n\n\n\n<p class=\"has-text-align-center has-small-font-size\">Etabli XXL avec 2 grands tiroirs et une \u00e9tag\u00e8re.<br>Longueur 207cm<br>Largeur 51cm<br>Hauteur 78cm<br><strong><em>Vendu<\/em><\/strong><\/p>\n\n\n\n<figure class=\"wp-block-image size-large is-style-rounded is-style-rounded--11\"><img loading=\"lazy\" decoding=\"async\" width=\"1024\" height=\"576\" src=\"https:\/\/brocabois.fr\/wp-content\/uploads\/2025\/04\/1-4-1024x576.jpg\" alt=\"\" class=\"wp-image-512\" srcset=\"https:\/\/brocabois.fr\/wp-content\/uploads\/2025\/04\/1-4-1024x576.jpg 1024w, https:\/\/brocabois.fr\/wp-content\/uploads\/2025\/04\/1-4-300x169.jpg 300w, https:\/\/brocabois.fr\/wp-content\/uploads\/2025\/04\/1-4-768x432.jpg 768w, https:\/\/brocabois.fr\/wp-content\/uploads\/2025\/04\/1-4-1536x864.jpg 1536w, https:\/\/brocabois.fr\/wp-content\/uploads\/2025\/04\/1-4.jpg 1919w\" sizes=\"auto, (max-width: 1024px) 100vw, 1024px\" \/><\/figure>\n\n\n\n<p class=\"has-text-align-center has-small-font-size\">Etabli XXL avec 2 grands tiroirs et une \u00e9tag\u00e8re.<br>Longueur 264cm<br>Largeur 46cm<br>Hauteur 84cm<br><strong><em>Vendu<\/em><\/strong><br><\/p>\n\n\n\n<figure class=\"wp-block-image size-large is-style-rounded is-style-rounded--12\"><img loading=\"lazy\" decoding=\"async\" width=\"1024\" height=\"771\" src=\"https:\/\/brocabois.fr\/wp-content\/uploads\/2025\/03\/1-4-1024x771.jpg\" alt=\"\" class=\"wp-image-406\" srcset=\"https:\/\/brocabois.fr\/wp-content\/uploads\/2025\/03\/1-4-1024x771.jpg 1024w, https:\/\/brocabois.fr\/wp-content\/uploads\/2025\/03\/1-4-300x226.jpg 300w, https:\/\/brocabois.fr\/wp-content\/uploads\/2025\/03\/1-4-768x578.jpg 768w, https:\/\/brocabois.fr\/wp-content\/uploads\/2025\/03\/1-4.jpg 1434w\" sizes=\"auto, (max-width: 1024px) 100vw, 1024px\" \/><\/figure>\n\n\n\n<p class=\"has-text-align-center has-small-font-size\">Etabli de menuisier r\u00e9nov\u00e9 et transform\u00e9 en table basse, meuble t\u00e9l\u00e9, console ou banc.<br>Avec sa presse.<br>Longueur 234cm<br>Largeur 36cm<br>Hauteur 43cm<br><strong><em>Vendu<\/em><\/strong><br><\/p>\n\n\n\n<figure class=\"wp-block-image size-large is-style-rounded is-style-rounded--13\"><img loading=\"lazy\" decoding=\"async\" width=\"1024\" height=\"771\" src=\"https:\/\/brocabois.fr\/wp-content\/uploads\/2025\/04\/1-5-1024x771.jpg\" alt=\"\" class=\"wp-image-518\" srcset=\"https:\/\/brocabois.fr\/wp-content\/uploads\/2025\/04\/1-5-1024x771.jpg 1024w, https:\/\/brocabois.fr\/wp-content\/uploads\/2025\/04\/1-5-300x226.jpg 300w, https:\/\/brocabois.fr\/wp-content\/uploads\/2025\/04\/1-5-768x578.jpg 768w, https:\/\/brocabois.fr\/wp-content\/uploads\/2025\/04\/1-5.jpg 1434w\" sizes=\"auto, (max-width: 1024px) 100vw, 1024px\" \/><\/figure>\n\n\n\n<p class=\"has-text-align-center has-small-font-size\">Petit \u00e9tabli avec une \u00e9tag\u00e8re, pour en faire une console ou une table basse<br>Longueur 103cm<br>Largeur 40cm<br>Hauteur 60cm<br><strong><em>Vendu<\/em><\/strong><\/p>\n\n\n\n<figure class=\"wp-block-image size-large is-style-rounded is-style-rounded--14\"><img loading=\"lazy\" decoding=\"async\" width=\"1024\" height=\"683\" src=\"https:\/\/brocabois.fr\/wp-content\/uploads\/2025\/03\/1-1-1024x683.jpg\" alt=\"\" class=\"wp-image-397\" srcset=\"https:\/\/brocabois.fr\/wp-content\/uploads\/2025\/03\/1-1-1024x683.jpg 1024w, https:\/\/brocabois.fr\/wp-content\/uploads\/2025\/03\/1-1-300x200.jpg 300w, https:\/\/brocabois.fr\/wp-content\/uploads\/2025\/03\/1-1-768x512.jpg 768w, https:\/\/brocabois.fr\/wp-content\/uploads\/2025\/03\/1-1-1536x1024.jpg 1536w, https:\/\/brocabois.fr\/wp-content\/uploads\/2025\/03\/1-1.jpg 1620w\" sizes=\"auto, (max-width: 1024px) 100vw, 1024px\" \/><\/figure>\n\n\n\n<p class=\"has-text-align-center has-small-font-size\">Etabli qui appartenait \u00e0 un menuisier r\u00e9nov\u00e9 dans une petite commune en Bretagne.<br>Longueur 1m54<br>Largeur 31cm<br>Hauteur 71cm<br><strong><em>Vendu<\/em><\/strong><\/p>\n\n\n\n<figure class=\"wp-block-image size-large is-style-rounded is-style-rounded--15\"><img loading=\"lazy\" decoding=\"async\" width=\"1024\" height=\"683\" src=\"https:\/\/brocabois.fr\/wp-content\/uploads\/2025\/03\/1-1-1-1024x683.jpg\" alt=\"\" class=\"wp-image-399\" srcset=\"https:\/\/brocabois.fr\/wp-content\/uploads\/2025\/03\/1-1-1-1024x683.jpg 1024w, https:\/\/brocabois.fr\/wp-content\/uploads\/2025\/03\/1-1-1-300x200.jpg 300w, https:\/\/brocabois.fr\/wp-content\/uploads\/2025\/03\/1-1-1-768x512.jpg 768w, https:\/\/brocabois.fr\/wp-content\/uploads\/2025\/03\/1-1-1-1536x1024.jpg 1536w, https:\/\/brocabois.fr\/wp-content\/uploads\/2025\/03\/1-1-1.jpg 1620w\" sizes=\"auto, (max-width: 1024px) 100vw, 1024px\" \/><\/figure>\n\n\n\n<p class=\"has-text-align-center has-small-font-size\">Ancien \u00e9tabli taille XL<br>Longueur 2m79<br>Largeur 40cm<br>Hauteur 79cm<br><em><strong><strong><em>Vendu<\/em><\/strong><\/strong><\/em><\/p>\n\n\n\n<figure class=\"wp-block-image size-large is-style-rounded is-style-rounded--16\"><img loading=\"lazy\" decoding=\"async\" width=\"1024\" height=\"683\" src=\"https:\/\/brocabois.fr\/wp-content\/uploads\/2025\/03\/1-1024x683.jpg\" alt=\"\" class=\"wp-image-393\" srcset=\"https:\/\/brocabois.fr\/wp-content\/uploads\/2025\/03\/1-1024x683.jpg 1024w, https:\/\/brocabois.fr\/wp-content\/uploads\/2025\/03\/1-300x200.jpg 300w, https:\/\/brocabois.fr\/wp-content\/uploads\/2025\/03\/1-768x512.jpg 768w, https:\/\/brocabois.fr\/wp-content\/uploads\/2025\/03\/1-1536x1024.jpg 1536w, https:\/\/brocabois.fr\/wp-content\/uploads\/2025\/03\/1.jpg 1620w\" sizes=\"auto, (max-width: 1024px) 100vw, 1024px\" \/><\/figure>\n\n\n\n<p class=\"has-text-align-center has-small-font-size\">Entre la table de ferme et l&rsquo;\u00e9tabli, cette pi\u00e8ce unique est l&rsquo;alliance d&rsquo;une ancienne scie \u00e0 b\u00fbches pour les pieds et des planches d\u00e9coup\u00e9es dans une ancienne poutre.<br>Bois exotique.<br>Longueur 1m74<br>Largeur 51cm<br>Hauteur 73cm<br><strong><em>Vendu<\/em><\/strong><\/p>\n\n\n\n<figure class=\"wp-block-image size-large is-style-rounded is-style-rounded--17\"><img loading=\"lazy\" decoding=\"async\" width=\"1024\" height=\"722\" src=\"https:\/\/brocabois.fr\/wp-content\/uploads\/2025\/02\/1-3-1024x722.jpg\" alt=\"\" class=\"wp-image-354\" srcset=\"https:\/\/brocabois.fr\/wp-content\/uploads\/2025\/02\/1-3-1024x722.jpg 1024w, https:\/\/brocabois.fr\/wp-content\/uploads\/2025\/02\/1-3-300x212.jpg 300w, https:\/\/brocabois.fr\/wp-content\/uploads\/2025\/02\/1-3-768x542.jpg 768w, https:\/\/brocabois.fr\/wp-content\/uploads\/2025\/02\/1-3.jpg 1457w\" sizes=\"auto, (max-width: 1024px) 100vw, 1024px\" \/><\/figure>\n\n\n\n<p class=\"has-text-align-center has-small-font-size\">Ancien \u00e9tabli de menuisier r\u00e9nov\u00e9 avec presse et tiroir.<br>Longueur 2m38<br>Largeur 34cm<br>Hauteur 74cm<br><strong><em><strong><em>Vendu<\/em><\/strong><\/em><\/strong><\/p>\n\n\n\n<figure class=\"wp-block-image size-large is-style-rounded is-style-rounded--18\"><img loading=\"lazy\" decoding=\"async\" width=\"1024\" height=\"670\" src=\"https:\/\/brocabois.fr\/wp-content\/uploads\/2025\/04\/1-1-1024x670.jpg\" alt=\"\" class=\"wp-image-504\" srcset=\"https:\/\/brocabois.fr\/wp-content\/uploads\/2025\/04\/1-1-1024x670.jpg 1024w, https:\/\/brocabois.fr\/wp-content\/uploads\/2025\/04\/1-1-300x196.jpg 300w, https:\/\/brocabois.fr\/wp-content\/uploads\/2025\/04\/1-1-768x503.jpg 768w, https:\/\/brocabois.fr\/wp-content\/uploads\/2025\/04\/1-1.jpg 1534w\" sizes=\"auto, (max-width: 1024px) 100vw, 1024px\" \/><\/figure>\n\n\n\n<p class=\"has-text-align-center has-small-font-size\">Etabli ancien en bois, id\u00e9al \u00eelot de cuisine ou meuble de salle de bain.<br>Longueur 155cm<br>Largeur 61cm<br>Hauteur 88cm<br><strong><em>Vendu<\/em><\/strong><\/p>\n\n\n\n<figure class=\"wp-block-image size-large is-style-rounded is-style-rounded--19\"><img loading=\"lazy\" decoding=\"async\" width=\"1024\" height=\"683\" src=\"https:\/\/brocabois.fr\/wp-content\/uploads\/2025\/01\/1-2-1024x683.jpg\" alt=\"\" class=\"wp-image-315\" srcset=\"https:\/\/brocabois.fr\/wp-content\/uploads\/2025\/01\/1-2-1024x683.jpg 1024w, https:\/\/brocabois.fr\/wp-content\/uploads\/2025\/01\/1-2-300x200.jpg 300w, https:\/\/brocabois.fr\/wp-content\/uploads\/2025\/01\/1-2-768x512.jpg 768w, https:\/\/brocabois.fr\/wp-content\/uploads\/2025\/01\/1-2.jpg 1152w\" sizes=\"auto, (max-width: 1024px) 100vw, 1024px\" \/><\/figure>\n\n\n\n<p class=\"has-text-align-center has-small-font-size\">Etabli ancien en bois r\u00e9nov\u00e9 avec un tiroir et une presse.<br>Longueur 198cm<br>Largeur 42cm<br>Hauteur 73cm<br><strong><em>Vendu<\/em><\/strong><\/p>\n\n\n\n<figure class=\"wp-block-image size-large is-style-rounded is-style-rounded--20\"><img loading=\"lazy\" decoding=\"async\" width=\"1024\" height=\"683\" src=\"https:\/\/brocabois.fr\/wp-content\/uploads\/2025\/01\/1-1-1024x683.jpg\" alt=\"\" class=\"wp-image-312\" srcset=\"https:\/\/brocabois.fr\/wp-content\/uploads\/2025\/01\/1-1-1024x683.jpg 1024w, https:\/\/brocabois.fr\/wp-content\/uploads\/2025\/01\/1-1-300x200.jpg 300w, https:\/\/brocabois.fr\/wp-content\/uploads\/2025\/01\/1-1-768x512.jpg 768w, https:\/\/brocabois.fr\/wp-content\/uploads\/2025\/01\/1-1.jpg 1152w\" sizes=\"auto, (max-width: 1024px) 100vw, 1024px\" \/><\/figure>\n\n\n\n<p class=\"has-text-align-center has-small-font-size\">\u00c9tabli ancien en bois r\u00e9nov\u00e9 avec tiroir, presse et une \u00e9tag\u00e8re.<br>Longueur 154cm<br>Largeur 50cm<br>Hauteur 71cm<br><strong><em>Vendu<\/em><\/strong><\/p>\n\n\n\n<figure class=\"wp-block-image size-large is-style-rounded is-style-rounded--21\"><img loading=\"lazy\" decoding=\"async\" width=\"1024\" height=\"733\" src=\"https:\/\/brocabois.fr\/wp-content\/uploads\/2024\/11\/1-2-1024x733.jpg\" alt=\"\" class=\"wp-image-263\" srcset=\"https:\/\/brocabois.fr\/wp-content\/uploads\/2024\/11\/1-2-1024x733.jpg 1024w, https:\/\/brocabois.fr\/wp-content\/uploads\/2024\/11\/1-2-300x215.jpg 300w, https:\/\/brocabois.fr\/wp-content\/uploads\/2024\/11\/1-2-768x550.jpg 768w, https:\/\/brocabois.fr\/wp-content\/uploads\/2024\/11\/1-2.jpg 1067w\" sizes=\"auto, (max-width: 1024px) 100vw, 1024px\" \/><\/figure>\n\n\n\n<p class=\"has-text-align-center has-small-font-size\">Etabli de menuisier en ch\u00eane et h\u00eatre. Avec une \u00e9tag\u00e8re et une presse.<br>Id\u00e9al pour en faire un meuble t\u00e9l\u00e9, dans une salle de bain, console&#8230;<br>Longueur 1m97<br>Profondeur 44 cm<br>Hauteur 76 cm<br><strong><strong><em>Vendu<\/em><\/strong><\/strong><\/p>\n\n\n\n<figure class=\"wp-block-image size-large is-style-rounded is-style-rounded--22\"><img loading=\"lazy\" decoding=\"async\" width=\"1024\" height=\"642\" src=\"https:\/\/brocabois.fr\/wp-content\/uploads\/2025\/01\/IMG_0254-1024x642.jpg\" alt=\"\" class=\"wp-image-323\" srcset=\"https:\/\/brocabois.fr\/wp-content\/uploads\/2025\/01\/IMG_0254-1024x642.jpg 1024w, https:\/\/brocabois.fr\/wp-content\/uploads\/2025\/01\/IMG_0254-300x188.jpg 300w, https:\/\/brocabois.fr\/wp-content\/uploads\/2025\/01\/IMG_0254-768x481.jpg 768w, https:\/\/brocabois.fr\/wp-content\/uploads\/2025\/01\/IMG_0254.jpg 1225w\" sizes=\"auto, (max-width: 1024px) 100vw, 1024px\" \/><\/figure>\n\n\n\n<p class=\"has-text-align-center has-small-font-size\">\u00c9tabli fra\u00eechement restaur\u00e9 !<br>Une pi\u00e8ce unique avec sa presse original et son \u00e9tag\u00e8re.<br><strong><em>Vendu<\/em><\/strong><br><\/p>\n","protected":false},"excerpt":{"rendered":"<p>Brocabois vous propose des \u00e9tablis de menuisier. Faites entrer dans vos int\u00e9rieurs une pi\u00e8ce unique pour une d\u00e9coration vintage ou industrielles. Tr\u00e8s tendance, il permettra de meubler de fa\u00e7on originale votre salon ou salle de bain, pour les plus petits mod\u00e8les une console dans votre entr\u00e9e. Envoi possible sur toute la France, voir menu Livraison. [&hellip;]<\/p>\n","protected":false},"author":1,"featured_media":0,"parent":0,"menu_order":0,"comment_status":"closed","ping_status":"closed","template":"","meta":{"om_disable_all_campaigns":false,"_monsterinsights_skip_tracking":false,"_monsterinsights_sitenote_active":false,"_monsterinsights_sitenote_note":"","_monsterinsights_sitenote_category":0,"_uf_show_specific_survey":0,"_uf_disable_surveys":false,"footnotes":""},"class_list":["post-25","page","type-page","status-publish","hentry"],"aioseo_notices":[],"_links":{"self":[{"href":"https:\/\/brocabois.fr\/index.php\/wp-json\/wp\/v2\/pages\/25","targetHints":{"allow":["GET"]}}],"collection":[{"href":"https:\/\/brocabois.fr\/index.php\/wp-json\/wp\/v2\/pages"}],"about":[{"href":"https:\/\/brocabois.fr\/index.php\/wp-json\/wp\/v2\/types\/page"}],"author":[{"embeddable":true,"href":"https:\/\/brocabois.fr\/index.php\/wp-json\/wp\/v2\/users\/1"}],"replies":[{"embeddable":true,"href":"https:\/\/brocabois.fr\/index.php\/wp-json\/wp\/v2\/comments?post=25"}],"version-history":[{"count":34,"href":"https:\/\/brocabois.fr\/index.php\/wp-json\/wp\/v2\/pages\/25\/revisions"}],"predecessor-version":[{"id":654,"href":"https:\/\/brocabois.fr\/index.php\/wp-json\/wp\/v2\/pages\/25\/revisions\/654"}],"wp:attachment":[{"href":"https:\/\/brocabois.fr\/index.php\/wp-json\/wp\/v2\/media?parent=25"}],"curies":[{"name":"wp","href":"https:\/\/api.w.org\/{rel}","templated":true}]}}