{"id":22,"date":"2024-10-24T23:49:39","date_gmt":"2024-10-24T21:49:39","guid":{"rendered":"https:\/\/brocabois.fr\/?page_id=22"},"modified":"2024-11-18T23:06:24","modified_gmt":"2024-11-18T22:06:24","slug":"caisses","status":"publish","type":"page","link":"https:\/\/brocabois.fr\/index.php\/caisses\/","title":{"rendered":"Caisses"},"content":{"rendered":"\n<div class=\"wp-block-group has-global-padding is-layout-constrained wp-block-group-is-layout-constrained\">\n<p>Brocabois c&rsquo;est aussi des caisses en bois par dizaines&#8230; par centaines ! Caisses \u00e0 pommes, caisses \u00e0 bouteilles, caisses \u00e0 vin, caisses de transport publicitaires&#8230; et toujours de l&rsquo;authentique.<\/p>\n<\/div>\n\n\n\n<div class=\"wp-block-group has-global-padding is-layout-constrained wp-block-group-is-layout-constrained\">\n<div class=\"wp-block-columns is-layout-flex wp-container-core-columns-is-layout-28f84493 wp-block-columns-is-layout-flex\">\n<div class=\"wp-block-column is-layout-flow wp-block-column-is-layout-flow\" style=\"flex-basis:100%\">\n<div class=\"wp-block-group has-global-padding is-layout-constrained wp-block-group-is-layout-constrained\">\n<figure class=\"wp-block-image aligncenter size-full is-resized\"><img loading=\"lazy\" decoding=\"async\" width=\"760\" height=\"658\" src=\"https:\/\/brocabois.fr\/wp-content\/uploads\/2024\/10\/caisses2-2.jpg\" alt=\"\" class=\"wp-image-113\" style=\"width:312px;height:auto\" srcset=\"https:\/\/brocabois.fr\/wp-content\/uploads\/2024\/10\/caisses2-2.jpg 760w, https:\/\/brocabois.fr\/wp-content\/uploads\/2024\/10\/caisses2-2-300x260.jpg 300w\" sizes=\"auto, (max-width: 760px) 100vw, 760px\" \/><\/figure>\n\n\n\n<p class=\"has-text-align-center\"><em>Caisses \u00e0 pommes <strong>10\u20ac<\/strong><\/em><br>Id\u00e9al pour l&rsquo;agencement, cr\u00e9er une biblioth\u00e8que, un stand&#8230;<br>Dimensions : 55 cm x 36 cm Hauteur 30 cm<br>(variable + ou &#8211; 1 cm selon les mod\u00e8les)<\/p>\n<\/div>\n<\/div>\n<\/div>\n<\/div>\n\n\n\n<div class=\"wp-block-group has-global-padding is-layout-constrained wp-block-group-is-layout-constrained\">\n<div class=\"wp-block-columns is-layout-flex wp-container-core-columns-is-layout-28f84493 wp-block-columns-is-layout-flex\">\n<div class=\"wp-block-column is-layout-flow wp-block-column-is-layout-flow\" style=\"flex-basis:100%\">\n<div class=\"wp-block-group has-global-padding is-layout-constrained wp-block-group-is-layout-constrained\">\n<figure class=\"wp-block-image aligncenter size-full\"><img loading=\"lazy\" decoding=\"async\" width=\"1365\" height=\"768\" src=\"https:\/\/brocabois.fr\/wp-content\/uploads\/2024\/11\/casiers1-1.jpg\" alt=\"\" class=\"wp-image-216\" srcset=\"https:\/\/brocabois.fr\/wp-content\/uploads\/2024\/11\/casiers1-1.jpg 1365w, https:\/\/brocabois.fr\/wp-content\/uploads\/2024\/11\/casiers1-1-300x169.jpg 300w, https:\/\/brocabois.fr\/wp-content\/uploads\/2024\/11\/casiers1-1-1024x576.jpg 1024w, https:\/\/brocabois.fr\/wp-content\/uploads\/2024\/11\/casiers1-1-768x432.jpg 768w\" sizes=\"auto, (max-width: 1365px) 100vw, 1365px\" \/><\/figure>\n\n\n\n<p class=\"has-text-align-center has-medium-font-size\"><em>Caisses \u00e0 bouteilles 15 emplacements <strong>15\u20ac<\/strong><\/em><br>Pour stocker des bouteilles ou \u00e0 contourner en rangement chaussures, exposer des figurines&#8230;<br>Dimensions : 57 cm x 33 cm Hauteur 36 cm<br><br><em>Caisses divers : \u00e0 vin, de transport, militaire, publicitaires, coffre&#8230;<\/em><br><em>De <strong>5\u20ac \u00e0 35\u20ac<\/strong><\/em><\/p>\n<\/div>\n<\/div>\n<\/div>\n<\/div>\n\n\n\n<p><\/p>\n","protected":false},"excerpt":{"rendered":"<p>Brocabois c&rsquo;est aussi des caisses en bois par dizaines&#8230; par centaines ! Caisses \u00e0 pommes, caisses \u00e0 bouteilles, caisses \u00e0 vin, caisses de transport publicitaires&#8230; et toujours de l&rsquo;authentique. Caisses \u00e0 pommes 10\u20acId\u00e9al pour l&rsquo;agencement, cr\u00e9er une biblioth\u00e8que, un stand&#8230;Dimensions : 55 cm x 36 cm Hauteur 30 cm(variable + ou &#8211; 1 cm selon [&hellip;]<\/p>\n","protected":false},"author":1,"featured_media":0,"parent":0,"menu_order":0,"comment_status":"closed","ping_status":"closed","template":"","meta":{"om_disable_all_campaigns":false,"_monsterinsights_skip_tracking":false,"_monsterinsights_sitenote_active":false,"_monsterinsights_sitenote_note":"","_monsterinsights_sitenote_category":0,"_uf_show_specific_survey":0,"_uf_disable_surveys":false,"footnotes":""},"class_list":["post-22","page","type-page","status-publish","hentry"],"aioseo_notices":[],"_links":{"self":[{"href":"https:\/\/brocabois.fr\/index.php\/wp-json\/wp\/v2\/pages\/22","targetHints":{"allow":["GET"]}}],"collection":[{"href":"https:\/\/brocabois.fr\/index.php\/wp-json\/wp\/v2\/pages"}],"about":[{"href":"https:\/\/brocabois.fr\/index.php\/wp-json\/wp\/v2\/types\/page"}],"author":[{"embeddable":true,"href":"https:\/\/brocabois.fr\/index.php\/wp-json\/wp\/v2\/users\/1"}],"replies":[{"embeddable":true,"href":"https:\/\/brocabois.fr\/index.php\/wp-json\/wp\/v2\/comments?post=22"}],"version-history":[{"count":10,"href":"https:\/\/brocabois.fr\/index.php\/wp-json\/wp\/v2\/pages\/22\/revisions"}],"predecessor-version":[{"id":241,"href":"https:\/\/brocabois.fr\/index.php\/wp-json\/wp\/v2\/pages\/22\/revisions\/241"}],"wp:attachment":[{"href":"https:\/\/brocabois.fr\/index.php\/wp-json\/wp\/v2\/media?parent=22"}],"curies":[{"name":"wp","href":"https:\/\/api.w.org\/{rel}","templated":true}]}}