{"id":159,"date":"2024-10-29T22:54:30","date_gmt":"2024-10-29T21:54:30","guid":{"rendered":"https:\/\/brocabois.fr\/?page_id=159"},"modified":"2024-11-20T23:00:22","modified_gmt":"2024-11-20T22:00:22","slug":"livraison-transport","status":"publish","type":"page","link":"https:\/\/brocabois.fr\/index.php\/livraison-transport\/","title":{"rendered":"Livraison\/transport"},"content":{"rendered":"\n<figure class=\"wp-block-image aligncenter size-full is-resized\"><img loading=\"lazy\" decoding=\"async\" width=\"788\" height=\"480\" src=\"https:\/\/brocabois.fr\/wp-content\/uploads\/2024\/11\/livraison-1.jpg\" alt=\"\" class=\"wp-image-261\" style=\"width:435px;height:auto\" srcset=\"https:\/\/brocabois.fr\/wp-content\/uploads\/2024\/11\/livraison-1.jpg 788w, https:\/\/brocabois.fr\/wp-content\/uploads\/2024\/11\/livraison-1-300x183.jpg 300w, https:\/\/brocabois.fr\/wp-content\/uploads\/2024\/11\/livraison-1-768x468.jpg 768w\" sizes=\"auto, (max-width: 788px) 100vw, 788px\" \/><\/figure>\n\n\n\n<p><strong>Articles volumineux <\/strong>(\u00e9tablis, table&#8230;)<\/p>\n\n\n\n<p class=\"has-text-align-left\">L\u2019article sera r\u00e9serv\u00e9 le temps de trouver une solution, vous pouvez opter&nbsp;pour une livraison :<\/p>\n\n\n\n<p class=\"has-text-align-left\">Effectu\u00e9 par Bricobois dans le 44, Sud 35 et 56. Un suppl\u00e9ment sera demand\u00e9 suivant la distance.<\/p>\n\n\n\n<p class=\"has-text-align-left\"><br>Avec le transporteur sp\u00e9cialis\u00e9 \u2018Taximeuble\u2019 compter 6 semaines de d\u00e9lai maximum. Prix variable suivant dimensions.<br>Ou tout autre transporteur (les d\u00e9marches reste \u00e0 votre charge).<\/p>\n\n\n\n<p class=\"has-text-align-left\">Entre particulier, en passant par exemple par le site Cocolis, Allovoisins\u2026<\/p>\n\n\n\n<p class=\"has-text-align-left\"><br><strong>Petits articles<\/strong> (bouteille, caisse&#8230;)<\/p>\n\n\n\n<p class=\"has-text-align-left\">Envoi possible par les transporteurs habituels, La poste, Mondial Relay&#8230;<br><br><\/p>\n","protected":false},"excerpt":{"rendered":"<p>Articles volumineux (\u00e9tablis, table&#8230;) L\u2019article sera r\u00e9serv\u00e9 le temps de trouver une solution, vous pouvez opter&nbsp;pour une livraison : Effectu\u00e9 par Bricobois dans le 44, Sud 35 et 56. Un suppl\u00e9ment sera demand\u00e9 suivant la distance. Avec le transporteur sp\u00e9cialis\u00e9 \u2018Taximeuble\u2019 compter 6 semaines de d\u00e9lai maximum. Prix variable suivant dimensions.Ou tout autre transporteur (les [&hellip;]<\/p>\n","protected":false},"author":1,"featured_media":0,"parent":0,"menu_order":0,"comment_status":"closed","ping_status":"closed","template":"","meta":{"om_disable_all_campaigns":false,"_monsterinsights_skip_tracking":false,"_monsterinsights_sitenote_active":false,"_monsterinsights_sitenote_note":"","_monsterinsights_sitenote_category":0,"_uf_show_specific_survey":0,"_uf_disable_surveys":false,"footnotes":""},"class_list":["post-159","page","type-page","status-publish","hentry"],"aioseo_notices":[],"_links":{"self":[{"href":"https:\/\/brocabois.fr\/index.php\/wp-json\/wp\/v2\/pages\/159","targetHints":{"allow":["GET"]}}],"collection":[{"href":"https:\/\/brocabois.fr\/index.php\/wp-json\/wp\/v2\/pages"}],"about":[{"href":"https:\/\/brocabois.fr\/index.php\/wp-json\/wp\/v2\/types\/page"}],"author":[{"embeddable":true,"href":"https:\/\/brocabois.fr\/index.php\/wp-json\/wp\/v2\/users\/1"}],"replies":[{"embeddable":true,"href":"https:\/\/brocabois.fr\/index.php\/wp-json\/wp\/v2\/comments?post=159"}],"version-history":[{"count":9,"href":"https:\/\/brocabois.fr\/index.php\/wp-json\/wp\/v2\/pages\/159\/revisions"}],"predecessor-version":[{"id":262,"href":"https:\/\/brocabois.fr\/index.php\/wp-json\/wp\/v2\/pages\/159\/revisions\/262"}],"wp:attachment":[{"href":"https:\/\/brocabois.fr\/index.php\/wp-json\/wp\/v2\/media?parent=159"}],"curies":[{"name":"wp","href":"https:\/\/api.w.org\/{rel}","templated":true}]}}